{"id":195,"date":"2015-05-24T17:14:09","date_gmt":"2015-05-24T15:14:09","guid":{"rendered":"http:\/\/selma.lu\/?page_id=195"},"modified":"2015-05-24T17:14:55","modified_gmt":"2015-05-24T15:14:55","slug":"theatre","status":"publish","type":"page","link":"http:\/\/selma.lu\/?page_id=195","title":{"rendered":"Theatre"},"content":{"rendered":"<p>Since 2009 I made arrangements and music for several theatre pieces:<\/p>\n<p>2009 &#8211; with theatre group Franimus from Femmes en d\u00e9tresse theatre, the piece called &#8220;3Fra\u00ebnrees&#8221;, director Landy Petry;<\/p>\n<p>2010 &#8211; with theatre group Las Chicas from Femmes en d\u00e9tresse theatre, the piece called\u00a0 \u201cJ&#8217;ai re\u00e7u des fleures aujourd&#8217;hui\u201c director Landy Petry;<br \/>\nfor 30th birthday of Fraenhaus<\/p>\n<p>2012 &#8211; with theatre group Las Chicas from Femmes en d\u00e9tresse theatre, the piece called &#8220;La pauvret\u00e9 est f\u00e9minine&#8221;, director Landy Petry<\/p>\n","protected":false},"excerpt":{"rendered":"<p>Since 2009 I made arrangements and music for several theatre pieces: 2009 &#8211; with theatre group Franimus from Femmes en d\u00e9tresse theatre, the piece called &#8220;3Fra\u00ebnrees&#8221;, director Landy Petry; 2010 &#8211; with theatre group Las Chicas from Femmes en d\u00e9tresse theatre, the piece called\u00a0 \u201cJ&#8217;ai re\u00e7u des fleures aujourd&#8217;hui\u201c director Landy Petry; for 30th birthday &#8230; <a title=\"Theatre\" class=\"read-more\" href=\"http:\/\/selma.lu\/?page_id=195\" aria-label=\"Read more about Theatre\">Read more<\/a><\/p>\n","protected":false},"author":1,"featured_media":0,"parent":41,"menu_order":5,"comment_status":"closed","ping_status":"closed","template":"","meta":{"advanced_seo_description":"","jetpack_seo_html_title":"","jetpack_seo_noindex":false,"generate_page_header":"","footnotes":""},"class_list":["post-195","page","type-page","status-publish"],"jetpack_shortlink":"https:\/\/wp.me\/P6cXBx-39","jetpack_sharing_enabled":true,"_links":{"self":[{"href":"http:\/\/selma.lu\/index.php?rest_route=\/wp\/v2\/pages\/195","targetHints":{"allow":["GET"]}}],"collection":[{"href":"http:\/\/selma.lu\/index.php?rest_route=\/wp\/v2\/pages"}],"about":[{"href":"http:\/\/selma.lu\/index.php?rest_route=\/wp\/v2\/types\/page"}],"author":[{"embeddable":true,"href":"http:\/\/selma.lu\/index.php?rest_route=\/wp\/v2\/users\/1"}],"replies":[{"embeddable":true,"href":"http:\/\/selma.lu\/index.php?rest_route=%2Fwp%2Fv2%2Fcomments&post=195"}],"version-history":[{"count":1,"href":"http:\/\/selma.lu\/index.php?rest_route=\/wp\/v2\/pages\/195\/revisions"}],"predecessor-version":[{"id":196,"href":"http:\/\/selma.lu\/index.php?rest_route=\/wp\/v2\/pages\/195\/revisions\/196"}],"up":[{"embeddable":true,"href":"http:\/\/selma.lu\/index.php?rest_route=\/wp\/v2\/pages\/41"}],"wp:attachment":[{"href":"http:\/\/selma.lu\/index.php?rest_route=%2Fwp%2Fv2%2Fmedia&parent=195"}],"curies":[{"name":"wp","href":"https:\/\/api.w.org\/{rel}","templated":true}]}}