{"id":57,"date":"2015-05-18T21:03:06","date_gmt":"2015-05-18T19:03:06","guid":{"rendered":"http:\/\/selma.lu\/?page_id=57"},"modified":"2019-02-07T11:59:46","modified_gmt":"2019-02-07T10:59:46","slug":"selma-selma","status":"publish","type":"page","link":"http:\/\/selma.lu\/?page_id=57","title":{"rendered":"Selma \u0106imi\u0107"},"content":{"rendered":"<p style=\"text-align: justify;\"><a href=\"https:\/\/i0.wp.com\/selma.lu\/wp-content\/uploads\/239.jpg\"><img data-recalc-dims=\"1\" loading=\"lazy\" decoding=\"async\" data-attachment-id=\"166\" data-permalink=\"http:\/\/selma.lu\/?attachment_id=166#main\" data-orig-file=\"https:\/\/i0.wp.com\/selma.lu\/wp-content\/uploads\/239.jpg?fit=770%2C1280\" data-orig-size=\"770,1280\" data-comments-opened=\"1\" data-image-meta=\"{&quot;aperture&quot;:&quot;0&quot;,&quot;credit&quot;:&quot;&quot;,&quot;camera&quot;:&quot;&quot;,&quot;caption&quot;:&quot;&quot;,&quot;created_timestamp&quot;:&quot;0&quot;,&quot;copyright&quot;:&quot;&quot;,&quot;focal_length&quot;:&quot;0&quot;,&quot;iso&quot;:&quot;0&quot;,&quot;shutter_speed&quot;:&quot;0&quot;,&quot;title&quot;:&quot;&quot;,&quot;orientation&quot;:&quot;1&quot;}\" data-image-title=\"Selma \u0106imi\u0107\" data-image-description=\"\" data-image-caption=\"\" data-medium-file=\"https:\/\/i0.wp.com\/selma.lu\/wp-content\/uploads\/239.jpg?fit=180%2C300\" data-large-file=\"https:\/\/i0.wp.com\/selma.lu\/wp-content\/uploads\/239.jpg?fit=616%2C1024\" class=\" size-medium wp-image-166 alignleft\" src=\"https:\/\/i0.wp.com\/selma.lu\/wp-content\/uploads\/239.jpg?resize=180%2C300\" alt=\"Selma \u0106imi\u0107\" width=\"180\" height=\"300\" srcset=\"https:\/\/i0.wp.com\/selma.lu\/wp-content\/uploads\/239.jpg?resize=180%2C300 180w, https:\/\/i0.wp.com\/selma.lu\/wp-content\/uploads\/239.jpg?resize=616%2C1024 616w, https:\/\/i0.wp.com\/selma.lu\/wp-content\/uploads\/239.jpg?w=770 770w\" sizes=\"auto, (max-width: 180px) 100vw, 180px\" \/><\/a>Selma \u0106imi\u0107 Zjaki\u0107 was born in Fo\u010da and grew up in Biha\u0107. Her earliest musical memories are of summer holidays in Fo\u010da at her grandparents when she listened to her grandfather and uncle sing beautiful, old and often forgotten <em>sevdalinke<\/em> on their outings on the banks of the Drina river.<\/p>\n<p style=\"text-align: justify;\">She enrolled in music school at an early age playing classical piano music, but at school events and with friends she played the guitar and enjoyed a varied repertoire, yet least of all <em>sevdah<\/em>. Going to college in Sarajevo (she did not choose music as a profession, instead graduating from the Faculty of Civil Engineering) she continued making music as her college commitments allowed and in the final year she began singing in the women\u00b4s octet Collegium Artisticum, the only women\u00b4s octet in the region at that time.<\/p>\n<p style=\"text-align: justify;\">Her arrival in Luxemburg and meeting Selma Schauls was a beginning of a wonderful friendship, filled with moments of joy and sorrow and music, so <em>sevdah<\/em> re-entered her life and this time in the \u201cSelma &amp; Selma\u201d way\u2026 And it has stayed with her for over twenty years now.<\/p>\n","protected":false},"excerpt":{"rendered":"<p>Selma \u0106imi\u0107 Zjaki\u0107 was born in Fo\u010da and grew up in Biha\u0107. Her earliest musical memories are of summer holidays in Fo\u010da at her grandparents when she listened to her grandfather and uncle sing beautiful, old and often forgotten sevdalinke on their outings on the banks of the Drina river. She enrolled in music school &#8230; <a title=\"Selma \u0106imi\u0107\" class=\"read-more\" href=\"http:\/\/selma.lu\/?page_id=57\" aria-label=\"Read more about Selma \u0106imi\u0107\">Read more<\/a><\/p>\n","protected":false},"author":1,"featured_media":0,"parent":6,"menu_order":1,"comment_status":"closed","ping_status":"closed","template":"","meta":{"advanced_seo_description":"","jetpack_seo_html_title":"","jetpack_seo_noindex":false,"generate_page_header":"","footnotes":""},"class_list":["post-57","page","type-page","status-publish"],"jetpack_shortlink":"https:\/\/wp.me\/P6cXBx-V","jetpack_sharing_enabled":true,"_links":{"self":[{"href":"http:\/\/selma.lu\/index.php?rest_route=\/wp\/v2\/pages\/57","targetHints":{"allow":["GET"]}}],"collection":[{"href":"http:\/\/selma.lu\/index.php?rest_route=\/wp\/v2\/pages"}],"about":[{"href":"http:\/\/selma.lu\/index.php?rest_route=\/wp\/v2\/types\/page"}],"author":[{"embeddable":true,"href":"http:\/\/selma.lu\/index.php?rest_route=\/wp\/v2\/users\/1"}],"replies":[{"embeddable":true,"href":"http:\/\/selma.lu\/index.php?rest_route=%2Fwp%2Fv2%2Fcomments&post=57"}],"version-history":[{"count":7,"href":"http:\/\/selma.lu\/index.php?rest_route=\/wp\/v2\/pages\/57\/revisions"}],"predecessor-version":[{"id":603,"href":"http:\/\/selma.lu\/index.php?rest_route=\/wp\/v2\/pages\/57\/revisions\/603"}],"up":[{"embeddable":true,"href":"http:\/\/selma.lu\/index.php?rest_route=\/wp\/v2\/pages\/6"}],"wp:attachment":[{"href":"http:\/\/selma.lu\/index.php?rest_route=%2Fwp%2Fv2%2Fmedia&parent=57"}],"curies":[{"name":"wp","href":"https:\/\/api.w.org\/{rel}","templated":true}]}}