{"id":72,"date":"2015-05-18T21:14:01","date_gmt":"2015-05-18T19:14:01","guid":{"rendered":"http:\/\/selma.lu\/?page_id=72"},"modified":"2021-05-18T12:29:52","modified_gmt":"2021-05-18T10:29:52","slug":"prose-and-poetry","status":"publish","type":"page","link":"http:\/\/selma.lu\/?page_id=72","title":{"rendered":"Prose and poetry"},"content":{"rendered":"<p>In my poems and short stories I am concerned with topics that bother all of us, such as the meaning and ephemerality of life, the awareness or hope that we are on the right path, the topics related to love and many other things. At the moment I am working on my next project, poetry and prose which I am going to set to music. <a href=\"http:\/\/selma.lu\/?page_id=538\">The book saw the light of day in 2018<\/a>.<\/p>\n<hr \/>\n<p style=\"text-align: center;\"><a href=\"https:\/\/www.autorenlexikon.lu\/page\/author\/108\/10820\/FRE\/index.html\" target=\"_blank\" rel=\"noopener\">Dictionnaire des auteurs luxembourgeois<\/a><\/p>\n<hr \/>\n<p>Zaokupljena temama koje nas sviju mu\u010de, o smislu i prolaznosti \u017eivota, spoznaji ili nadi da smo na pravom putu, ljubavi i jo\u0161 koje\u010demu, pi\u0161em pjesme i kratke pri\u010de.\u00a0 U radu je moj sljede\u0107i projekt, poezija i proza uz glazbu.\u00a0<a href=\"http:\/\/selma.lu\/?page_id=588\">Godine 2018 je ta knji\u017eica ugledala svjetlo dana<\/a>.<\/p>\n<p><img data-recalc-dims=\"1\" loading=\"lazy\" decoding=\"async\" data-attachment-id=\"675\" data-permalink=\"http:\/\/selma.lu\/?attachment_id=675#main\" data-orig-file=\"https:\/\/i0.wp.com\/selma.lu\/wp-content\/uploads\/selma_2018_book-sposn.jpg?fit=2136%2C836\" data-orig-size=\"2136,836\" data-comments-opened=\"0\" data-image-meta=\"{&quot;aperture&quot;:&quot;0&quot;,&quot;credit&quot;:&quot;&quot;,&quot;camera&quot;:&quot;&quot;,&quot;caption&quot;:&quot;&quot;,&quot;created_timestamp&quot;:&quot;0&quot;,&quot;copyright&quot;:&quot;&quot;,&quot;focal_length&quot;:&quot;0&quot;,&quot;iso&quot;:&quot;0&quot;,&quot;shutter_speed&quot;:&quot;0&quot;,&quot;title&quot;:&quot;&quot;,&quot;orientation&quot;:&quot;1&quot;}\" data-image-title=\"selma_2018_book sposn\" data-image-description=\"\" data-image-caption=\"\" data-medium-file=\"https:\/\/i0.wp.com\/selma.lu\/wp-content\/uploads\/selma_2018_book-sposn.jpg?fit=300%2C117\" data-large-file=\"https:\/\/i0.wp.com\/selma.lu\/wp-content\/uploads\/selma_2018_book-sposn.jpg?fit=1024%2C401\" class=\"alignnone size-large wp-image-675\" src=\"https:\/\/i0.wp.com\/selma.lu\/wp-content\/uploads\/selma_2018_book-sposn.jpg?resize=1024%2C401\" alt=\"\" width=\"1024\" height=\"401\" srcset=\"https:\/\/i0.wp.com\/selma.lu\/wp-content\/uploads\/selma_2018_book-sposn.jpg?resize=1024%2C401 1024w, https:\/\/i0.wp.com\/selma.lu\/wp-content\/uploads\/selma_2018_book-sposn.jpg?resize=300%2C117 300w, https:\/\/i0.wp.com\/selma.lu\/wp-content\/uploads\/selma_2018_book-sposn.jpg?resize=768%2C301 768w, https:\/\/i0.wp.com\/selma.lu\/wp-content\/uploads\/selma_2018_book-sposn.jpg?resize=1536%2C601 1536w, https:\/\/i0.wp.com\/selma.lu\/wp-content\/uploads\/selma_2018_book-sposn.jpg?resize=2048%2C802 2048w\" sizes=\"auto, (max-width: 1024px) 100vw, 1024px\" \/><\/p>\n","protected":false},"excerpt":{"rendered":"<p>In my poems and short stories I am concerned with topics that bother all of us, such as the meaning and ephemerality of life, the awareness or hope that we are on the right path, the topics related to love and many other things. At the moment I am working on my next project, poetry &#8230; <a title=\"Prose and poetry\" class=\"read-more\" href=\"http:\/\/selma.lu\/?page_id=72\" aria-label=\"Read more about Prose and poetry\">Read more<\/a><\/p>\n","protected":false},"author":1,"featured_media":0,"parent":41,"menu_order":4,"comment_status":"closed","ping_status":"closed","template":"","meta":{"advanced_seo_description":"","jetpack_seo_html_title":"","jetpack_seo_noindex":false,"generate_page_header":"","footnotes":""},"class_list":["post-72","page","type-page","status-publish"],"jetpack_shortlink":"https:\/\/wp.me\/P6cXBx-1a","jetpack_sharing_enabled":true,"_links":{"self":[{"href":"http:\/\/selma.lu\/index.php?rest_route=\/wp\/v2\/pages\/72","targetHints":{"allow":["GET"]}}],"collection":[{"href":"http:\/\/selma.lu\/index.php?rest_route=\/wp\/v2\/pages"}],"about":[{"href":"http:\/\/selma.lu\/index.php?rest_route=\/wp\/v2\/types\/page"}],"author":[{"embeddable":true,"href":"http:\/\/selma.lu\/index.php?rest_route=\/wp\/v2\/users\/1"}],"replies":[{"embeddable":true,"href":"http:\/\/selma.lu\/index.php?rest_route=%2Fwp%2Fv2%2Fcomments&post=72"}],"version-history":[{"count":12,"href":"http:\/\/selma.lu\/index.php?rest_route=\/wp\/v2\/pages\/72\/revisions"}],"predecessor-version":[{"id":679,"href":"http:\/\/selma.lu\/index.php?rest_route=\/wp\/v2\/pages\/72\/revisions\/679"}],"up":[{"embeddable":true,"href":"http:\/\/selma.lu\/index.php?rest_route=\/wp\/v2\/pages\/41"}],"wp:attachment":[{"href":"http:\/\/selma.lu\/index.php?rest_route=%2Fwp%2Fv2%2Fmedia&parent=72"}],"curies":[{"name":"wp","href":"https:\/\/api.w.org\/{rel}","templated":true}]}}